{"id":398,"date":"2023-11-18T01:40:02","date_gmt":"2023-11-18T04:40:02","guid":{"rendered":"https:\/\/marcenariarusticaecriativa.com.br\/?post_type=product&#038;p=398"},"modified":"2025-05-28T02:49:07","modified_gmt":"2025-05-28T05:49:07","slug":"mesa-c-banquetas","status":"publish","type":"product","link":"https:\/\/marcenariarusticaecriativa.com.br\/index.php\/produto\/mesa-c-banquetas\/","title":{"rendered":"Mesa c\/ Banquetas"},"content":{"rendered":"<p>Mesa com 4 banquetas WeA,<br \/>\n\u00e9 um produto especial, cheio de estilo, feito para voc\u00ea, super pr\u00e1tica e j\u00e1 levamos montada. As banquetas s\u00e3o um detalhe estiloso, deixando sua cozinha jovem, mais moderna e pronta para receber sua fam\u00edlia. Feita para receber seus amigos para uma noite de jogos, gostosas refei\u00e7\u00f5es com quem voc\u00ea ama ou estudos com seu notebook. A Mesa com banquetas madeira Pinus tratada.<\/p>\n","protected":false},"excerpt":{"rendered":"<p>Mesa com 4 banquetas WeA,<\/p>\n","protected":false},"featured_media":225,"comment_status":"open","ping_status":"closed","template":"","meta":[],"product_cat":[16],"product_tag":[28],"_links":{"self":[{"href":"https:\/\/marcenariarusticaecriativa.com.br\/index.php\/wp-json\/wp\/v2\/product\/398"}],"collection":[{"href":"https:\/\/marcenariarusticaecriativa.com.br\/index.php\/wp-json\/wp\/v2\/product"}],"about":[{"href":"https:\/\/marcenariarusticaecriativa.com.br\/index.php\/wp-json\/wp\/v2\/types\/product"}],"replies":[{"embeddable":true,"href":"https:\/\/marcenariarusticaecriativa.com.br\/index.php\/wp-json\/wp\/v2\/comments?post=398"}],"wp:featuredmedia":[{"embeddable":true,"href":"https:\/\/marcenariarusticaecriativa.com.br\/index.php\/wp-json\/wp\/v2\/media\/225"}],"wp:attachment":[{"href":"https:\/\/marcenariarusticaecriativa.com.br\/index.php\/wp-json\/wp\/v2\/media?parent=398"}],"wp:term":[{"taxonomy":"product_cat","embeddable":true,"href":"https:\/\/marcenariarusticaecriativa.com.br\/index.php\/wp-json\/wp\/v2\/product_cat?post=398"},{"taxonomy":"product_tag","embeddable":true,"href":"https:\/\/marcenariarusticaecriativa.com.br\/index.php\/wp-json\/wp\/v2\/product_tag?post=398"}],"curies":[{"name":"wp","href":"https:\/\/api.w.org\/{rel}","templated":true}]}}