{"id":392,"date":"2023-11-18T01:02:33","date_gmt":"2023-11-18T04:02:33","guid":{"rendered":"https:\/\/marcenariarusticaecriativa.com.br\/?post_type=product&#038;p=392"},"modified":"2025-05-28T15:37:42","modified_gmt":"2025-05-28T18:37:42","slug":"392","status":"publish","type":"product","link":"https:\/\/marcenariarusticaecriativa.com.br\/index.php\/produto\/392\/","title":{"rendered":"Mesa de Madeira"},"content":{"rendered":"<p>Materiais de qualidade, durabilidade e riqueza em detalhes.<\/p>\n<p>Encontre aqui as mais diversas variedades de m\u00f3veis super vers\u00e1teis<\/p>\n","protected":false},"excerpt":{"rendered":"<p>Todos os produtos s\u00e3o personaliz\u00e1veis, permitindo que voc\u00ea escolha as medidas, padr\u00f5es de cor e opcionais que melhor se adequem \u00e0s suas necessidades.<\/p>\n","protected":false},"featured_media":367,"comment_status":"open","ping_status":"closed","template":"","meta":[],"product_cat":[16],"product_tag":[27],"_links":{"self":[{"href":"https:\/\/marcenariarusticaecriativa.com.br\/index.php\/wp-json\/wp\/v2\/product\/392"}],"collection":[{"href":"https:\/\/marcenariarusticaecriativa.com.br\/index.php\/wp-json\/wp\/v2\/product"}],"about":[{"href":"https:\/\/marcenariarusticaecriativa.com.br\/index.php\/wp-json\/wp\/v2\/types\/product"}],"replies":[{"embeddable":true,"href":"https:\/\/marcenariarusticaecriativa.com.br\/index.php\/wp-json\/wp\/v2\/comments?post=392"}],"wp:featuredmedia":[{"embeddable":true,"href":"https:\/\/marcenariarusticaecriativa.com.br\/index.php\/wp-json\/wp\/v2\/media\/367"}],"wp:attachment":[{"href":"https:\/\/marcenariarusticaecriativa.com.br\/index.php\/wp-json\/wp\/v2\/media?parent=392"}],"wp:term":[{"taxonomy":"product_cat","embeddable":true,"href":"https:\/\/marcenariarusticaecriativa.com.br\/index.php\/wp-json\/wp\/v2\/product_cat?post=392"},{"taxonomy":"product_tag","embeddable":true,"href":"https:\/\/marcenariarusticaecriativa.com.br\/index.php\/wp-json\/wp\/v2\/product_tag?post=392"}],"curies":[{"name":"wp","href":"https:\/\/api.w.org\/{rel}","templated":true}]}}