{"id":391,"date":"2023-11-18T00:56:15","date_gmt":"2023-11-18T03:56:15","guid":{"rendered":"https:\/\/marcenariarusticaecriativa.com.br\/?post_type=product&#038;p=391"},"modified":"2023-11-18T12:17:28","modified_gmt":"2023-11-18T15:17:28","slug":"mesa-rustica-3","status":"publish","type":"product","link":"https:\/\/marcenariarusticaecriativa.com.br\/index.php\/produto\/mesa-rustica-3\/","title":{"rendered":"Mesa R\u00fastica"},"content":{"rendered":"<p>&#8220;WeA Marcenaria R\u00fastica e Criativa&#8221;, todos os produtos s\u00e3o personaliz\u00e1veis, permitindo que voc\u00ea escolha as medidas, padr\u00f5es de cor e opcionais que melhor se adequem \u00e0s suas necessidades.<\/p>\n","protected":false},"excerpt":{"rendered":"<p>Madeira \u00e9 sin\u00f4nimo de acolhimento e conforto.<\/p>\n","protected":false},"featured_media":368,"comment_status":"open","ping_status":"closed","template":"","meta":[],"product_cat":[16,17],"product_tag":[],"_links":{"self":[{"href":"https:\/\/marcenariarusticaecriativa.com.br\/index.php\/wp-json\/wp\/v2\/product\/391"}],"collection":[{"href":"https:\/\/marcenariarusticaecriativa.com.br\/index.php\/wp-json\/wp\/v2\/product"}],"about":[{"href":"https:\/\/marcenariarusticaecriativa.com.br\/index.php\/wp-json\/wp\/v2\/types\/product"}],"replies":[{"embeddable":true,"href":"https:\/\/marcenariarusticaecriativa.com.br\/index.php\/wp-json\/wp\/v2\/comments?post=391"}],"wp:featuredmedia":[{"embeddable":true,"href":"https:\/\/marcenariarusticaecriativa.com.br\/index.php\/wp-json\/wp\/v2\/media\/368"}],"wp:attachment":[{"href":"https:\/\/marcenariarusticaecriativa.com.br\/index.php\/wp-json\/wp\/v2\/media?parent=391"}],"wp:term":[{"taxonomy":"product_cat","embeddable":true,"href":"https:\/\/marcenariarusticaecriativa.com.br\/index.php\/wp-json\/wp\/v2\/product_cat?post=391"},{"taxonomy":"product_tag","embeddable":true,"href":"https:\/\/marcenariarusticaecriativa.com.br\/index.php\/wp-json\/wp\/v2\/product_tag?post=391"}],"curies":[{"name":"wp","href":"https:\/\/api.w.org\/{rel}","templated":true}]}}