{"id":334,"date":"2023-11-18T00:41:42","date_gmt":"2023-11-18T03:41:42","guid":{"rendered":"https:\/\/marcenariarusticaecriativa.com.br\/?post_type=product&#038;p=334"},"modified":"2025-07-16T13:46:02","modified_gmt":"2025-07-16T16:46:02","slug":"mesa-de-madeira","status":"publish","type":"product","link":"https:\/\/marcenariarusticaecriativa.com.br\/index.php\/produto\/mesa-de-madeira\/","title":{"rendered":"Cama de Madeira"},"content":{"rendered":"<p>Confort\u00e1vel, quentinha, macia e sempre pronta para te acolher depois de um dia cheio. Esta \u00e9 a cama! Como n\u00e3o amar? Estrela principal \u2013 seja no\u00a0<a title=\"quarto de casal\" href=\"https:\/\/www.meumoveldemadeira.com.br\/collections\/quarto-de-casal\" target=\"_blank\" rel=\"noopener noreferrer\">quarto de casal<\/a>,\u00a0<a title=\"quarto de solteiro\" href=\"https:\/\/www.meumoveldemadeira.com.br\/collections\/quarto-de-solteiro\" target=\"_blank\" rel=\"noopener noreferrer\">quarto de solteiro<\/a>\u00a0ou quarto de visitas \u2013 a cama de madeira \u00e9 um\u00a0<a title=\"m\u00f3vel\" href=\"https:\/\/www.meumoveldemadeira.com.br\/collections\/moveis\" target=\"_blank\" rel=\"noopener noreferrer\">m\u00f3vel<\/a>\u00a0de primeira necessidade ao criar uma casa do zero. D\u00e1 para viver sem muitos objetos, mas sem uma cama&#8230;<\/p>\n","protected":false},"excerpt":{"rendered":"<p>Ao escolher o modelo de cama da Marcenaria R\u00fastica e Criativa weA\u00a0 , me\u00e7a direitinho seu ambiente para n\u00e3o se arrepender depois. Camas compactas e camas com gavetas s\u00e3o indicadas para pequenos espa\u00e7os, enquanto as camas maiores, como as camas queen size e camas king size, s\u00e3o \u00f3timas para quartos espa\u00e7osos. A cor tamb\u00e9m vai depender do seu gosto pessoal e decora\u00e7\u00e3o.<\/p>\n","protected":false},"featured_media":228,"comment_status":"open","ping_status":"closed","template":"","meta":[],"product_cat":[16,21],"product_tag":[18],"_links":{"self":[{"href":"https:\/\/marcenariarusticaecriativa.com.br\/index.php\/wp-json\/wp\/v2\/product\/334"}],"collection":[{"href":"https:\/\/marcenariarusticaecriativa.com.br\/index.php\/wp-json\/wp\/v2\/product"}],"about":[{"href":"https:\/\/marcenariarusticaecriativa.com.br\/index.php\/wp-json\/wp\/v2\/types\/product"}],"replies":[{"embeddable":true,"href":"https:\/\/marcenariarusticaecriativa.com.br\/index.php\/wp-json\/wp\/v2\/comments?post=334"}],"wp:featuredmedia":[{"embeddable":true,"href":"https:\/\/marcenariarusticaecriativa.com.br\/index.php\/wp-json\/wp\/v2\/media\/228"}],"wp:attachment":[{"href":"https:\/\/marcenariarusticaecriativa.com.br\/index.php\/wp-json\/wp\/v2\/media?parent=334"}],"wp:term":[{"taxonomy":"product_cat","embeddable":true,"href":"https:\/\/marcenariarusticaecriativa.com.br\/index.php\/wp-json\/wp\/v2\/product_cat?post=334"},{"taxonomy":"product_tag","embeddable":true,"href":"https:\/\/marcenariarusticaecriativa.com.br\/index.php\/wp-json\/wp\/v2\/product_tag?post=334"}],"curies":[{"name":"wp","href":"https:\/\/api.w.org\/{rel}","templated":true}]}}