{"id":278,"date":"2023-11-17T19:44:54","date_gmt":"2023-11-17T22:44:54","guid":{"rendered":"https:\/\/marcenariarusticaecriativa.com.br\/?post_type=product&#038;p=278"},"modified":"2023-11-21T21:15:56","modified_gmt":"2023-11-22T00:15:56","slug":"armario-para-banheiro","status":"publish","type":"product","link":"https:\/\/marcenariarusticaecriativa.com.br\/index.php\/produto\/armario-para-banheiro\/","title":{"rendered":"Porta Objetos"},"content":{"rendered":"<p>Nosso trabalho \u00e9 realizado com a alta compet\u00eancia de uma equipe comprometida, especializada e que est\u00e1 sempre atualizada com as novas tend\u00eancias.<\/p>\n","protected":false},"excerpt":{"rendered":"<p>Nossa equipe de profissionais trabalha com o\u00a0<b>foco do cliente<\/b>, que vai al\u00e9m de atender expectativas. Tudo o que \u00e9 projetado \u00e9 fielmente executado. A produ\u00e7\u00e3o de cada item \u00e9 feita de forma minuciosa.<\/p>\n","protected":false},"featured_media":363,"comment_status":"open","ping_status":"closed","template":"","meta":[],"product_cat":[16,21],"product_tag":[18],"_links":{"self":[{"href":"https:\/\/marcenariarusticaecriativa.com.br\/index.php\/wp-json\/wp\/v2\/product\/278"}],"collection":[{"href":"https:\/\/marcenariarusticaecriativa.com.br\/index.php\/wp-json\/wp\/v2\/product"}],"about":[{"href":"https:\/\/marcenariarusticaecriativa.com.br\/index.php\/wp-json\/wp\/v2\/types\/product"}],"replies":[{"embeddable":true,"href":"https:\/\/marcenariarusticaecriativa.com.br\/index.php\/wp-json\/wp\/v2\/comments?post=278"}],"wp:featuredmedia":[{"embeddable":true,"href":"https:\/\/marcenariarusticaecriativa.com.br\/index.php\/wp-json\/wp\/v2\/media\/363"}],"wp:attachment":[{"href":"https:\/\/marcenariarusticaecriativa.com.br\/index.php\/wp-json\/wp\/v2\/media?parent=278"}],"wp:term":[{"taxonomy":"product_cat","embeddable":true,"href":"https:\/\/marcenariarusticaecriativa.com.br\/index.php\/wp-json\/wp\/v2\/product_cat?post=278"},{"taxonomy":"product_tag","embeddable":true,"href":"https:\/\/marcenariarusticaecriativa.com.br\/index.php\/wp-json\/wp\/v2\/product_tag?post=278"}],"curies":[{"name":"wp","href":"https:\/\/api.w.org\/{rel}","templated":true}]}}