{"id":277,"date":"2023-11-17T19:30:09","date_gmt":"2023-11-17T22:30:09","guid":{"rendered":"https:\/\/marcenariarusticaecriativa.com.br\/?post_type=product&#038;p=277"},"modified":"2026-03-06T10:26:55","modified_gmt":"2026-03-06T13:26:55","slug":"sofa-p-sala","status":"publish","type":"product","link":"https:\/\/marcenariarusticaecriativa.com.br\/index.php\/produto\/sofa-p-sala\/","title":{"rendered":"Sofa P\/ Sala"},"content":{"rendered":"<p>Design para a m\u00e3o de quem ama apoiar essa linda forma de arte. Buscamos inspirar mais vida \u00e0s casas atrav\u00e9s de experi\u00eancias que renovam, formas que inovam, beleza que transforma e design que funciona.<\/p>\n","protected":false},"excerpt":{"rendered":"<p>Comercializando <b>m\u00f3veis confort\u00e1veis e de qualidade<\/b>\u00a0que acompanham as tend\u00eancias do mercado, investindo no design dos produtos e em inova\u00e7\u00f5es tecnol\u00f3gicas.<\/p>\n","protected":false},"featured_media":185,"comment_status":"open","ping_status":"closed","template":"","meta":[],"product_cat":[16,22],"product_tag":[18],"_links":{"self":[{"href":"https:\/\/marcenariarusticaecriativa.com.br\/index.php\/wp-json\/wp\/v2\/product\/277"}],"collection":[{"href":"https:\/\/marcenariarusticaecriativa.com.br\/index.php\/wp-json\/wp\/v2\/product"}],"about":[{"href":"https:\/\/marcenariarusticaecriativa.com.br\/index.php\/wp-json\/wp\/v2\/types\/product"}],"replies":[{"embeddable":true,"href":"https:\/\/marcenariarusticaecriativa.com.br\/index.php\/wp-json\/wp\/v2\/comments?post=277"}],"wp:featuredmedia":[{"embeddable":true,"href":"https:\/\/marcenariarusticaecriativa.com.br\/index.php\/wp-json\/wp\/v2\/media\/185"}],"wp:attachment":[{"href":"https:\/\/marcenariarusticaecriativa.com.br\/index.php\/wp-json\/wp\/v2\/media?parent=277"}],"wp:term":[{"taxonomy":"product_cat","embeddable":true,"href":"https:\/\/marcenariarusticaecriativa.com.br\/index.php\/wp-json\/wp\/v2\/product_cat?post=277"},{"taxonomy":"product_tag","embeddable":true,"href":"https:\/\/marcenariarusticaecriativa.com.br\/index.php\/wp-json\/wp\/v2\/product_tag?post=277"}],"curies":[{"name":"wp","href":"https:\/\/api.w.org\/{rel}","templated":true}]}}