{"id":274,"date":"2023-11-17T17:02:21","date_gmt":"2023-11-17T20:02:21","guid":{"rendered":"https:\/\/marcenariarusticaecriativa.com.br\/?post_type=product&#038;p=274"},"modified":"2023-11-21T21:18:22","modified_gmt":"2023-11-22T00:18:22","slug":"mesa-e-bancos","status":"publish","type":"product","link":"https:\/\/marcenariarusticaecriativa.com.br\/index.php\/produto\/mesa-e-bancos\/","title":{"rendered":"Mesa e Bancos"},"content":{"rendered":"<p>Madeira \u00e9 sin\u00f4nimo de acolhimento e conforto.<\/p>\n<p>Cada etapa de desenvolvimento e defini\u00e7\u00e3o do projeto \u00e9 realizada em conjunto. \u00c9 a nossa equipe atuando com o foco do cliente.<\/p>\n","protected":false},"excerpt":{"rendered":"<p>Na &#8220;WeA Marcenaria R\u00fastica e Criativa&#8221;, todos os produtos s\u00e3o personaliz\u00e1veis, permitindo que voc\u00ea escolha as medidas, padr\u00f5es de cor e opcionais que melhor se adequem \u00e0s suas necessidades.<\/p>\n","protected":false},"featured_media":97,"comment_status":"open","ping_status":"closed","template":"","meta":[],"product_cat":[16,17],"product_tag":[18],"_links":{"self":[{"href":"https:\/\/marcenariarusticaecriativa.com.br\/index.php\/wp-json\/wp\/v2\/product\/274"}],"collection":[{"href":"https:\/\/marcenariarusticaecriativa.com.br\/index.php\/wp-json\/wp\/v2\/product"}],"about":[{"href":"https:\/\/marcenariarusticaecriativa.com.br\/index.php\/wp-json\/wp\/v2\/types\/product"}],"replies":[{"embeddable":true,"href":"https:\/\/marcenariarusticaecriativa.com.br\/index.php\/wp-json\/wp\/v2\/comments?post=274"}],"wp:featuredmedia":[{"embeddable":true,"href":"https:\/\/marcenariarusticaecriativa.com.br\/index.php\/wp-json\/wp\/v2\/media\/97"}],"wp:attachment":[{"href":"https:\/\/marcenariarusticaecriativa.com.br\/index.php\/wp-json\/wp\/v2\/media?parent=274"}],"wp:term":[{"taxonomy":"product_cat","embeddable":true,"href":"https:\/\/marcenariarusticaecriativa.com.br\/index.php\/wp-json\/wp\/v2\/product_cat?post=274"},{"taxonomy":"product_tag","embeddable":true,"href":"https:\/\/marcenariarusticaecriativa.com.br\/index.php\/wp-json\/wp\/v2\/product_tag?post=274"}],"curies":[{"name":"wp","href":"https:\/\/api.w.org\/{rel}","templated":true}]}}