{"id":271,"date":"2023-11-17T16:48:16","date_gmt":"2023-11-17T19:48:16","guid":{"rendered":"https:\/\/marcenariarusticaecriativa.com.br\/?post_type=product&#038;p=271"},"modified":"2023-11-30T02:41:08","modified_gmt":"2023-11-30T05:41:08","slug":"espreguicadeira","status":"publish","type":"product","link":"https:\/\/marcenariarusticaecriativa.com.br\/index.php\/produto\/espreguicadeira\/","title":{"rendered":"Espregui\u00e7adeira"},"content":{"rendered":"<p>Para os dias quentes nada melhor uma linda espregui\u00e7adeira em sua \u00e1rea de lazer.<\/p>\n","protected":false},"excerpt":{"rendered":"<p>A transforma\u00e7\u00e3o da madeira em arte \u00e9 a ess\u00eancia da marcenaria, e n\u00f3s temos o poder de transformar sonhos em realidade.<\/p>\n<div class=\"xdj266r x11i5rnm xat24cr x1mh8g0r x1vvkbs x126k92a\">\n<div dir=\"auto\">Marcenaria R\u00fastica e Criativa WeA<\/div>\n<\/div>\n<div class=\"x11i5rnm xat24cr x1mh8g0r x1vvkbs xtlvy1s x126k92a\">\n<div dir=\"auto\">A marcenaria criativa representa um conjunto de prop\u00f3sitos de marcenaria a fim de produzir pe\u00e7as com valor est\u00e9tico e funcional. Assim, o objetivo \u00e9 contribuir para a melhor utiliza\u00e7\u00e3o dos espa\u00e7os e para a boa ornamenta\u00e7\u00e3o dos ambientes. Dessa forma, agrega-se tanto beleza quanto utilidade aos m\u00f3veis projetados.<\/div>\n<\/div>\n<div class=\"x11i5rnm xat24cr x1mh8g0r x1vvkbs xtlvy1s x126k92a\">\n<div dir=\"auto\">.<\/div>\n<\/div>\n","protected":false},"featured_media":272,"comment_status":"open","ping_status":"closed","template":"","meta":[],"product_cat":[16,29],"product_tag":[18],"_links":{"self":[{"href":"https:\/\/marcenariarusticaecriativa.com.br\/index.php\/wp-json\/wp\/v2\/product\/271"}],"collection":[{"href":"https:\/\/marcenariarusticaecriativa.com.br\/index.php\/wp-json\/wp\/v2\/product"}],"about":[{"href":"https:\/\/marcenariarusticaecriativa.com.br\/index.php\/wp-json\/wp\/v2\/types\/product"}],"replies":[{"embeddable":true,"href":"https:\/\/marcenariarusticaecriativa.com.br\/index.php\/wp-json\/wp\/v2\/comments?post=271"}],"wp:featuredmedia":[{"embeddable":true,"href":"https:\/\/marcenariarusticaecriativa.com.br\/index.php\/wp-json\/wp\/v2\/media\/272"}],"wp:attachment":[{"href":"https:\/\/marcenariarusticaecriativa.com.br\/index.php\/wp-json\/wp\/v2\/media?parent=271"}],"wp:term":[{"taxonomy":"product_cat","embeddable":true,"href":"https:\/\/marcenariarusticaecriativa.com.br\/index.php\/wp-json\/wp\/v2\/product_cat?post=271"},{"taxonomy":"product_tag","embeddable":true,"href":"https:\/\/marcenariarusticaecriativa.com.br\/index.php\/wp-json\/wp\/v2\/product_tag?post=271"}],"curies":[{"name":"wp","href":"https:\/\/api.w.org\/{rel}","templated":true}]}}