{"id":262,"date":"2023-11-17T15:35:27","date_gmt":"2023-11-17T18:35:27","guid":{"rendered":"https:\/\/marcenariarusticaecriativa.com.br\/?post_type=product&#038;p=262"},"modified":"2023-11-26T00:54:12","modified_gmt":"2023-11-26T03:54:12","slug":"jogo-de-sofa-para-sala","status":"publish","type":"product","link":"https:\/\/marcenariarusticaecriativa.com.br\/index.php\/produto\/jogo-de-sofa-para-sala\/","title":{"rendered":"Jogo De Sofa Para Sala"},"content":{"rendered":"<p>Desde o princ\u00edpio, nossa preocupa\u00e7\u00e3o \u00e9 oferecer os melhores produtos com os melhores pre\u00e7os aliado a um \u00f3timo atendimento a voc\u00ea cliente, que \u00e9 a pessoa mais importante para n\u00f3s.<\/p>\n","protected":false},"excerpt":{"rendered":"<p>Nossa loja oferece o que h\u00e1 de mais moderno e atual em todas as categorias de produtos.<\/p>\n","protected":false},"featured_media":185,"comment_status":"open","ping_status":"closed","template":"","meta":[],"product_cat":[16,22],"product_tag":[],"_links":{"self":[{"href":"https:\/\/marcenariarusticaecriativa.com.br\/index.php\/wp-json\/wp\/v2\/product\/262"}],"collection":[{"href":"https:\/\/marcenariarusticaecriativa.com.br\/index.php\/wp-json\/wp\/v2\/product"}],"about":[{"href":"https:\/\/marcenariarusticaecriativa.com.br\/index.php\/wp-json\/wp\/v2\/types\/product"}],"replies":[{"embeddable":true,"href":"https:\/\/marcenariarusticaecriativa.com.br\/index.php\/wp-json\/wp\/v2\/comments?post=262"}],"wp:featuredmedia":[{"embeddable":true,"href":"https:\/\/marcenariarusticaecriativa.com.br\/index.php\/wp-json\/wp\/v2\/media\/185"}],"wp:attachment":[{"href":"https:\/\/marcenariarusticaecriativa.com.br\/index.php\/wp-json\/wp\/v2\/media?parent=262"}],"wp:term":[{"taxonomy":"product_cat","embeddable":true,"href":"https:\/\/marcenariarusticaecriativa.com.br\/index.php\/wp-json\/wp\/v2\/product_cat?post=262"},{"taxonomy":"product_tag","embeddable":true,"href":"https:\/\/marcenariarusticaecriativa.com.br\/index.php\/wp-json\/wp\/v2\/product_tag?post=262"}],"curies":[{"name":"wp","href":"https:\/\/api.w.org\/{rel}","templated":true}]}}