{"id":257,"date":"2023-11-17T15:02:32","date_gmt":"2023-11-17T18:02:32","guid":{"rendered":"https:\/\/marcenariarusticaecriativa.com.br\/?post_type=product&#038;p=257"},"modified":"2023-11-26T00:58:09","modified_gmt":"2023-11-26T03:58:09","slug":"mesa-rustica","status":"publish","type":"product","link":"https:\/\/marcenariarusticaecriativa.com.br\/index.php\/produto\/mesa-rustica\/","title":{"rendered":"Mesa R\u00fastica"},"content":{"rendered":"<p>Materiais de qualidade, durabilidade e riqueza em detalhes.<\/p>\n<p>Encontre aqui as mais diversas variedades de m\u00f3veis super vers\u00e1teis<\/p>\n<p>Para os projetos que acompanha algumas escolhas do cliente<\/p>\n<p>Encontre aqui as mais diversas variedades de m\u00f3veis super vers\u00e1teis, de qualidade e beleza sem igual!<\/p>\n","protected":false},"excerpt":{"rendered":"<p>Venha conhecer nossa p\u00e1gina para se inspirar e ter ideias incr\u00edveis para deixar sua casa como voc\u00ea sempre sonhou!<\/p>\n","protected":false},"featured_media":249,"comment_status":"open","ping_status":"closed","template":"","meta":[],"product_cat":[16,17],"product_tag":[18,20,19],"_links":{"self":[{"href":"https:\/\/marcenariarusticaecriativa.com.br\/index.php\/wp-json\/wp\/v2\/product\/257"}],"collection":[{"href":"https:\/\/marcenariarusticaecriativa.com.br\/index.php\/wp-json\/wp\/v2\/product"}],"about":[{"href":"https:\/\/marcenariarusticaecriativa.com.br\/index.php\/wp-json\/wp\/v2\/types\/product"}],"replies":[{"embeddable":true,"href":"https:\/\/marcenariarusticaecriativa.com.br\/index.php\/wp-json\/wp\/v2\/comments?post=257"}],"wp:featuredmedia":[{"embeddable":true,"href":"https:\/\/marcenariarusticaecriativa.com.br\/index.php\/wp-json\/wp\/v2\/media\/249"}],"wp:attachment":[{"href":"https:\/\/marcenariarusticaecriativa.com.br\/index.php\/wp-json\/wp\/v2\/media?parent=257"}],"wp:term":[{"taxonomy":"product_cat","embeddable":true,"href":"https:\/\/marcenariarusticaecriativa.com.br\/index.php\/wp-json\/wp\/v2\/product_cat?post=257"},{"taxonomy":"product_tag","embeddable":true,"href":"https:\/\/marcenariarusticaecriativa.com.br\/index.php\/wp-json\/wp\/v2\/product_tag?post=257"}],"curies":[{"name":"wp","href":"https:\/\/api.w.org\/{rel}","templated":true}]}}