{"id":1490,"date":"2023-11-26T02:21:30","date_gmt":"2023-11-26T05:21:30","guid":{"rendered":"https:\/\/marcenariarusticaecriativa.com.br\/?post_type=product&#038;p=1490"},"modified":"2024-08-11T22:55:41","modified_gmt":"2024-08-12T01:55:41","slug":"mesinha-e-cadeiras","status":"publish","type":"product","link":"https:\/\/marcenariarusticaecriativa.com.br\/index.php\/produto\/mesinha-e-cadeiras\/","title":{"rendered":"Mesinha e Cadeiras"},"content":{"rendered":"<p>Primeira mesinha 12 meses a mais&#8230;<br \/>\ninfantil de madeira \u00e9 perfeita para colocar no quarto montessori, por ser mesa e banquinho de tamanho pequenos, ficam lindas em qualquer lugar da casa. Estrutura em madeira maci\u00e7a de Pinus e C. Naval, com acabamento e em Seladora, bem lisinha, sem nenhuma quina, a seladora preserva a cor natural deixando o acabamento lindo e perfeito.<br \/>\nPequena para os adultos, mas do tamanho certo das crian\u00e7as de 1 a 3 anos, para comer, brincar e desenhar quando quiserem.<br \/>\n\u00c9 soltar a imagina\u00e7\u00e3o e se divertir, seja sozinho, com os amiguinhos ou com o papai e a mam\u00e3e.<\/p>\n","protected":false},"excerpt":{"rendered":"<p>Primeira mesinha<\/p>\n","protected":false},"featured_media":1452,"comment_status":"open","ping_status":"closed","template":"","meta":[],"product_cat":[25],"product_tag":[44],"_links":{"self":[{"href":"https:\/\/marcenariarusticaecriativa.com.br\/index.php\/wp-json\/wp\/v2\/product\/1490"}],"collection":[{"href":"https:\/\/marcenariarusticaecriativa.com.br\/index.php\/wp-json\/wp\/v2\/product"}],"about":[{"href":"https:\/\/marcenariarusticaecriativa.com.br\/index.php\/wp-json\/wp\/v2\/types\/product"}],"replies":[{"embeddable":true,"href":"https:\/\/marcenariarusticaecriativa.com.br\/index.php\/wp-json\/wp\/v2\/comments?post=1490"}],"wp:featuredmedia":[{"embeddable":true,"href":"https:\/\/marcenariarusticaecriativa.com.br\/index.php\/wp-json\/wp\/v2\/media\/1452"}],"wp:attachment":[{"href":"https:\/\/marcenariarusticaecriativa.com.br\/index.php\/wp-json\/wp\/v2\/media?parent=1490"}],"wp:term":[{"taxonomy":"product_cat","embeddable":true,"href":"https:\/\/marcenariarusticaecriativa.com.br\/index.php\/wp-json\/wp\/v2\/product_cat?post=1490"},{"taxonomy":"product_tag","embeddable":true,"href":"https:\/\/marcenariarusticaecriativa.com.br\/index.php\/wp-json\/wp\/v2\/product_tag?post=1490"}],"curies":[{"name":"wp","href":"https:\/\/api.w.org\/{rel}","templated":true}]}}