{"id":1489,"date":"2023-11-26T02:16:33","date_gmt":"2023-11-26T05:16:33","guid":{"rendered":"https:\/\/marcenariarusticaecriativa.com.br\/?post_type=product&#038;p=1489"},"modified":"2024-02-24T18:56:52","modified_gmt":"2024-02-24T21:56:52","slug":"cozinha-montessori-completa","status":"publish","type":"product","link":"https:\/\/marcenariarusticaecriativa.com.br\/index.php\/produto\/cozinha-montessori-completa\/","title":{"rendered":"Cozinha Montessori Completa"},"content":{"rendered":"<p>Cozinha Montessori Completa<br \/>\nUma das brincadeiras preferidas da crian\u00e7ada \u00e9 recriar o mundo dos adultos no pr\u00f3prio mundo e com a Cozinha Infantil Montessoriana WeA brincar de casinha ser\u00e1 semre uma festa pra toda felicidade pra toda fam\u00edlia, nossa cozinha \u00e9 completa, pois ela possui Geladeira, Pia, Fog\u00e3o e Forno Micro-ondas.<\/p>\n<p>Cozinhas de Brinquedo s\u00e3o encantadoras e encantam todas as<br \/>\ncrian\u00e7as.<\/p>\n<p>Vem com a gente se apaixonar pelo Montessori!<br \/>\n.<br \/>\n.<br \/>\n.<br \/>\nMedidas na foto\ud83e\udd17 esse tamanho \u00e9 ideal para crian\u00e7as \u00e0 partir de 4 anos e meio \u00e0 mais.<\/p>\n","protected":false},"excerpt":{"rendered":"<p>Cozinha Montessori Completa<\/p>\n","protected":false},"featured_media":1460,"comment_status":"open","ping_status":"closed","template":"","meta":[],"product_cat":[25],"product_tag":[],"_links":{"self":[{"href":"https:\/\/marcenariarusticaecriativa.com.br\/index.php\/wp-json\/wp\/v2\/product\/1489"}],"collection":[{"href":"https:\/\/marcenariarusticaecriativa.com.br\/index.php\/wp-json\/wp\/v2\/product"}],"about":[{"href":"https:\/\/marcenariarusticaecriativa.com.br\/index.php\/wp-json\/wp\/v2\/types\/product"}],"replies":[{"embeddable":true,"href":"https:\/\/marcenariarusticaecriativa.com.br\/index.php\/wp-json\/wp\/v2\/comments?post=1489"}],"wp:featuredmedia":[{"embeddable":true,"href":"https:\/\/marcenariarusticaecriativa.com.br\/index.php\/wp-json\/wp\/v2\/media\/1460"}],"wp:attachment":[{"href":"https:\/\/marcenariarusticaecriativa.com.br\/index.php\/wp-json\/wp\/v2\/media?parent=1489"}],"wp:term":[{"taxonomy":"product_cat","embeddable":true,"href":"https:\/\/marcenariarusticaecriativa.com.br\/index.php\/wp-json\/wp\/v2\/product_cat?post=1489"},{"taxonomy":"product_tag","embeddable":true,"href":"https:\/\/marcenariarusticaecriativa.com.br\/index.php\/wp-json\/wp\/v2\/product_tag?post=1489"}],"curies":[{"name":"wp","href":"https:\/\/api.w.org\/{rel}","templated":true}]}}