{"id":1488,"date":"2023-11-26T02:12:56","date_gmt":"2023-11-26T05:12:56","guid":{"rendered":"https:\/\/marcenariarusticaecriativa.com.br\/?post_type=product&#038;p=1488"},"modified":"2025-05-28T00:50:54","modified_gmt":"2025-05-28T03:50:54","slug":"prateleira-porta-livros","status":"publish","type":"product","link":"https:\/\/marcenariarusticaecriativa.com.br\/index.php\/produto\/prateleira-porta-livros\/","title":{"rendered":"Prateleira Porta Livros"},"content":{"rendered":"<p>Prateleira Porta Livros \u00e9 uma solu\u00e7\u00e3o para deixar seu(sua) pequena mais independente. Um local para guardar os livros infantis, onde a crian\u00e7a ter\u00e1 acesso a leitura de forma f\u00e1cil e pr\u00e1tica. Al\u00e9m de funcional \u00e9 um lindo objeto de decora\u00e7\u00e3o para o quarto e que pode ser associado as nossas outras pe\u00e7as. Produzido em madeira maci\u00e7a de Pinus.<br \/>\nO acabamento em Seladora ou Cera, sem quinas, proporciona durabilidade e resist\u00eancia, bem lisinhas e sem quinas.<br \/>\nConfira todos os acess\u00f3rios infantis e complementos do quarto Montessori e monte o quarto perfeito pro seu pequeno (a).<br \/>\n.<\/p>\n","protected":false},"excerpt":{"rendered":"<p>Prateleira Porta Livros<\/p>\n","protected":false},"featured_media":1475,"comment_status":"open","ping_status":"closed","template":"","meta":[],"product_cat":[25],"product_tag":[44],"_links":{"self":[{"href":"https:\/\/marcenariarusticaecriativa.com.br\/index.php\/wp-json\/wp\/v2\/product\/1488"}],"collection":[{"href":"https:\/\/marcenariarusticaecriativa.com.br\/index.php\/wp-json\/wp\/v2\/product"}],"about":[{"href":"https:\/\/marcenariarusticaecriativa.com.br\/index.php\/wp-json\/wp\/v2\/types\/product"}],"replies":[{"embeddable":true,"href":"https:\/\/marcenariarusticaecriativa.com.br\/index.php\/wp-json\/wp\/v2\/comments?post=1488"}],"wp:featuredmedia":[{"embeddable":true,"href":"https:\/\/marcenariarusticaecriativa.com.br\/index.php\/wp-json\/wp\/v2\/media\/1475"}],"wp:attachment":[{"href":"https:\/\/marcenariarusticaecriativa.com.br\/index.php\/wp-json\/wp\/v2\/media?parent=1488"}],"wp:term":[{"taxonomy":"product_cat","embeddable":true,"href":"https:\/\/marcenariarusticaecriativa.com.br\/index.php\/wp-json\/wp\/v2\/product_cat?post=1488"},{"taxonomy":"product_tag","embeddable":true,"href":"https:\/\/marcenariarusticaecriativa.com.br\/index.php\/wp-json\/wp\/v2\/product_tag?post=1488"}],"curies":[{"name":"wp","href":"https:\/\/api.w.org\/{rel}","templated":true}]}}