{"id":1487,"date":"2023-11-26T02:09:09","date_gmt":"2023-11-26T05:09:09","guid":{"rendered":"https:\/\/marcenariarusticaecriativa.com.br\/?post_type=product&#038;p=1487"},"modified":"2025-05-29T05:45:29","modified_gmt":"2025-05-29T08:45:29","slug":"bicama-montessoriana","status":"publish","type":"product","link":"https:\/\/marcenariarusticaecriativa.com.br\/index.php\/produto\/bicama-montessoriana\/","title":{"rendered":"Bicama Montessoriana"},"content":{"rendered":"<p>A Bicama Montessoriana Casinha Cercadinho com Estante livreiro<br \/>\ntem tamanho solteiro, foi pensada para atender o cliente de bom gosto, que ama seu filho e quer oferecer a ele toda a seguran\u00e7a e aprendizado que o m\u00e9todo montessori proporciona. Ela possui cama auxiliar com rod\u00edzios. A Bicama \u00e9 perfeita para quem gosta de acompanhar a hora de dormir do seu pequeno (a), para o irm\u00e3o ou a irm\u00e3 ficar na auxiliar eu at\u00e9 mesmo receber os amiguinhos em casa.<\/p>\n<p>Produzida com madeira maci\u00e7a Pinus de reflorestamento, a bicama infantil \u00e9 super-resistente. Ela possui todos os cantos arredondados , com acabamento bem lisinho.<br \/>\nPode ser com Seladora (como a da foto) com cera, verniz ou Stain mel.<\/p>\n<p>As nossas pe\u00e7as s\u00e3o todos fabricados de forma artesanal e tem previs\u00e3o de 20 dias pra produ\u00e7\u00e3o. Assim, conseguimos dar uma aten\u00e7\u00e3o especial em cada projeto e cuidar de todos os detalhes para garantir a qualidade que voc\u00ea merece.<br \/>\n.<\/p>\n","protected":false},"excerpt":{"rendered":"<p>Bicama Montessoriana Casinha Cercadinho com Estante livreiro<\/p>\n","protected":false},"featured_media":1478,"comment_status":"open","ping_status":"closed","template":"","meta":[],"product_cat":[25],"product_tag":[44],"_links":{"self":[{"href":"https:\/\/marcenariarusticaecriativa.com.br\/index.php\/wp-json\/wp\/v2\/product\/1487"}],"collection":[{"href":"https:\/\/marcenariarusticaecriativa.com.br\/index.php\/wp-json\/wp\/v2\/product"}],"about":[{"href":"https:\/\/marcenariarusticaecriativa.com.br\/index.php\/wp-json\/wp\/v2\/types\/product"}],"replies":[{"embeddable":true,"href":"https:\/\/marcenariarusticaecriativa.com.br\/index.php\/wp-json\/wp\/v2\/comments?post=1487"}],"wp:featuredmedia":[{"embeddable":true,"href":"https:\/\/marcenariarusticaecriativa.com.br\/index.php\/wp-json\/wp\/v2\/media\/1478"}],"wp:attachment":[{"href":"https:\/\/marcenariarusticaecriativa.com.br\/index.php\/wp-json\/wp\/v2\/media?parent=1487"}],"wp:term":[{"taxonomy":"product_cat","embeddable":true,"href":"https:\/\/marcenariarusticaecriativa.com.br\/index.php\/wp-json\/wp\/v2\/product_cat?post=1487"},{"taxonomy":"product_tag","embeddable":true,"href":"https:\/\/marcenariarusticaecriativa.com.br\/index.php\/wp-json\/wp\/v2\/product_tag?post=1487"}],"curies":[{"name":"wp","href":"https:\/\/api.w.org\/{rel}","templated":true}]}}