{"id":1486,"date":"2023-11-26T02:04:21","date_gmt":"2023-11-26T05:04:21","guid":{"rendered":"https:\/\/marcenariarusticaecriativa.com.br\/?post_type=product&#038;p=1486"},"modified":"2023-11-26T02:04:21","modified_gmt":"2023-11-26T05:04:21","slug":"closet-montessori-mini","status":"publish","type":"product","link":"https:\/\/marcenariarusticaecriativa.com.br\/index.php\/produto\/closet-montessori-mini\/","title":{"rendered":"Closet Montessori Mini"},"content":{"rendered":"<p>Closet Montessori Mini<\/p>\n<p>A escolha perfeita para compor o quartinho das crian\u00e7as com delicadeza com certeza \u00e9 o Mini Closet Montessoriano, ele casa perfeitamente com todos os outros acess\u00f3rios e m\u00f3veis da linha Montessori WeA.<br \/>\nA estrutura montessoriana estimula a independ\u00eancia da crian\u00e7a, deixando-a descobrir por si s\u00f3 os primeiros passos e obst\u00e1culos, de forma segura. Com 1 cabideiros e 3 nichos para guardar as roupas, sapatos, e acess\u00f3rios..<\/p>\n","protected":false},"excerpt":{"rendered":"<p>Closet Montessori Mini<\/p>\n","protected":false},"featured_media":1477,"comment_status":"open","ping_status":"closed","template":"","meta":[],"product_cat":[25],"product_tag":[44],"_links":{"self":[{"href":"https:\/\/marcenariarusticaecriativa.com.br\/index.php\/wp-json\/wp\/v2\/product\/1486"}],"collection":[{"href":"https:\/\/marcenariarusticaecriativa.com.br\/index.php\/wp-json\/wp\/v2\/product"}],"about":[{"href":"https:\/\/marcenariarusticaecriativa.com.br\/index.php\/wp-json\/wp\/v2\/types\/product"}],"replies":[{"embeddable":true,"href":"https:\/\/marcenariarusticaecriativa.com.br\/index.php\/wp-json\/wp\/v2\/comments?post=1486"}],"wp:featuredmedia":[{"embeddable":true,"href":"https:\/\/marcenariarusticaecriativa.com.br\/index.php\/wp-json\/wp\/v2\/media\/1477"}],"wp:attachment":[{"href":"https:\/\/marcenariarusticaecriativa.com.br\/index.php\/wp-json\/wp\/v2\/media?parent=1486"}],"wp:term":[{"taxonomy":"product_cat","embeddable":true,"href":"https:\/\/marcenariarusticaecriativa.com.br\/index.php\/wp-json\/wp\/v2\/product_cat?post=1486"},{"taxonomy":"product_tag","embeddable":true,"href":"https:\/\/marcenariarusticaecriativa.com.br\/index.php\/wp-json\/wp\/v2\/product_tag?post=1486"}],"curies":[{"name":"wp","href":"https:\/\/api.w.org\/{rel}","templated":true}]}}