{"id":1485,"date":"2023-11-26T01:58:34","date_gmt":"2023-11-26T04:58:34","guid":{"rendered":"https:\/\/marcenariarusticaecriativa.com.br\/?post_type=product&#038;p=1485"},"modified":"2025-05-28T21:48:42","modified_gmt":"2025-05-29T00:48:42","slug":"gangorra","status":"publish","type":"product","link":"https:\/\/marcenariarusticaecriativa.com.br\/index.php\/produto\/gangorra\/","title":{"rendered":"Gangorra"},"content":{"rendered":"<p>Gangorra Colorida Infantil<\/p>\n<p>Inspirada na Metodologia Pikler, a Gangorra B\u00eaBrinqu\u00ea, possui 12 cores personalizadas e estimula\u00a0o livre brincar: ajuda a trabalhar o equil\u00edbrio e a motricidade para subir, descer, escalar e balan\u00e7ar.<br \/>\nPode ser usada como balan\u00e7o, escada, banquinho, mesinha, t\u00fanel, ponte, gangorra e casinha\/cabana de brincar, como a imagina\u00e7\u00e3o das crian\u00e7as imaginar. Al\u00e9m de poder ser utilizada em conjunto com os tri\u00e2ngulos, tanto articulado como o simples.<br \/>\nCrian\u00e7as pequenas podem usar como gangorra, sentadas, enquanto\u00a0as maiores podem usar em p\u00e9!<br \/>\nPode ser utilizada em beb\u00eas rec\u00e9m nascidos, com um ninho e como balan\u00e7o para ninar. Em beb\u00eas maiores, pode ser usada partir do momento em que a crian\u00e7a fique em p\u00e9 firme.<br \/>\nUm brinquedo para ser usado por toda a inf\u00e2ncia ajudando a criar mem\u00f3rias afetivas!<br \/>\nCom pintura at\u00f3xica.<\/p>\n","protected":false},"excerpt":{"rendered":"<p>Gangorra Colorida Infantil<\/p>\n","protected":false},"featured_media":1476,"comment_status":"open","ping_status":"closed","template":"","meta":[],"product_cat":[25],"product_tag":[18],"_links":{"self":[{"href":"https:\/\/marcenariarusticaecriativa.com.br\/index.php\/wp-json\/wp\/v2\/product\/1485"}],"collection":[{"href":"https:\/\/marcenariarusticaecriativa.com.br\/index.php\/wp-json\/wp\/v2\/product"}],"about":[{"href":"https:\/\/marcenariarusticaecriativa.com.br\/index.php\/wp-json\/wp\/v2\/types\/product"}],"replies":[{"embeddable":true,"href":"https:\/\/marcenariarusticaecriativa.com.br\/index.php\/wp-json\/wp\/v2\/comments?post=1485"}],"wp:featuredmedia":[{"embeddable":true,"href":"https:\/\/marcenariarusticaecriativa.com.br\/index.php\/wp-json\/wp\/v2\/media\/1476"}],"wp:attachment":[{"href":"https:\/\/marcenariarusticaecriativa.com.br\/index.php\/wp-json\/wp\/v2\/media?parent=1485"}],"wp:term":[{"taxonomy":"product_cat","embeddable":true,"href":"https:\/\/marcenariarusticaecriativa.com.br\/index.php\/wp-json\/wp\/v2\/product_cat?post=1485"},{"taxonomy":"product_tag","embeddable":true,"href":"https:\/\/marcenariarusticaecriativa.com.br\/index.php\/wp-json\/wp\/v2\/product_tag?post=1485"}],"curies":[{"name":"wp","href":"https:\/\/api.w.org\/{rel}","templated":true}]}}