{"id":1451,"date":"2023-11-26T01:53:17","date_gmt":"2023-11-26T04:53:17","guid":{"rendered":"https:\/\/marcenariarusticaecriativa.com.br\/?post_type=product&#038;p=1451"},"modified":"2023-11-26T01:53:17","modified_gmt":"2023-11-26T04:53:17","slug":"bau-para-brinquedos","status":"publish","type":"product","link":"https:\/\/marcenariarusticaecriativa.com.br\/index.php\/produto\/bau-para-brinquedos\/","title":{"rendered":"Ba\u00fa Para brinquedos"},"content":{"rendered":"<p>Ba\u00fa para brinquedos<\/p>\n<p>Leve praticidade e funcionalidade para sua casa com o ba\u00fa montessori WeA, em madeira maci\u00e7a Pinus sem pintura com acabamento natural. Perfeito para acomodar e guardar brinquedos, mantas, revistas e diversos outros tipos de objetos, ele ainda vai auxiliar a deixar seus espa\u00e7os muito mais organizados, e os pequenos tbm vai gostar de tirar e guardar os brinquedos, tem rodinhas, ent\u00e3o v\u00e3o levar pra todo lado<br \/>\nEle \u00e9 sem pintura com acabamento natural, \u00e9 muito resistente, dur\u00e1vel e concede um toque r\u00fastico e especial aos ambientes onde for inserido.<\/p>\n","protected":false},"excerpt":{"rendered":"<p>Ba\u00fa para brinquedos<\/p>\n","protected":false},"featured_media":156,"comment_status":"open","ping_status":"closed","template":"","meta":[],"product_cat":[25],"product_tag":[],"_links":{"self":[{"href":"https:\/\/marcenariarusticaecriativa.com.br\/index.php\/wp-json\/wp\/v2\/product\/1451"}],"collection":[{"href":"https:\/\/marcenariarusticaecriativa.com.br\/index.php\/wp-json\/wp\/v2\/product"}],"about":[{"href":"https:\/\/marcenariarusticaecriativa.com.br\/index.php\/wp-json\/wp\/v2\/types\/product"}],"replies":[{"embeddable":true,"href":"https:\/\/marcenariarusticaecriativa.com.br\/index.php\/wp-json\/wp\/v2\/comments?post=1451"}],"wp:featuredmedia":[{"embeddable":true,"href":"https:\/\/marcenariarusticaecriativa.com.br\/index.php\/wp-json\/wp\/v2\/media\/156"}],"wp:attachment":[{"href":"https:\/\/marcenariarusticaecriativa.com.br\/index.php\/wp-json\/wp\/v2\/media?parent=1451"}],"wp:term":[{"taxonomy":"product_cat","embeddable":true,"href":"https:\/\/marcenariarusticaecriativa.com.br\/index.php\/wp-json\/wp\/v2\/product_cat?post=1451"},{"taxonomy":"product_tag","embeddable":true,"href":"https:\/\/marcenariarusticaecriativa.com.br\/index.php\/wp-json\/wp\/v2\/product_tag?post=1451"}],"curies":[{"name":"wp","href":"https:\/\/api.w.org\/{rel}","templated":true}]}}